{"id":1461,"date":"2025-02-12T14:00:11","date_gmt":"2025-02-12T14:00:11","guid":{"rendered":"https:\/\/printunit.uwtsd.ac.uk\/polisi-cwcis\/"},"modified":"2025-03-26T10:51:38","modified_gmt":"2025-03-26T10:51:38","slug":"polisi-cwcis","status":"publish","type":"page","link":"https:\/\/printunit.uwtsd.ac.uk\/cy\/polisi-cwcis\/","title":{"rendered":"Polisi Cwcis"},"content":{"rendered":"\t\t<div data-elementor-type=\"wp-page\" data-elementor-id=\"1461\" class=\"elementor elementor-1461 elementor-1172\" data-elementor-post-type=\"page\">\n\t\t\t\t<div class=\"elementor-element elementor-element-eacda3c e-con-full e-flex e-con e-parent\" data-id=\"eacda3c\" data-element_type=\"container\">\n\t\t\t\t<div class=\"elementor-element elementor-element-ce0f655 elementor-widget elementor-widget-heading\" data-id=\"ce0f655\" data-element_type=\"widget\" data-widget_type=\"heading.default\">\n\t\t\t\t<div class=\"elementor-widget-container\">\n\t\t\t\t\t<h1 class=\"elementor-heading-title elementor-size-default\">Polisi Cwcis<\/h1>\t\t\t\t<\/div>\n\t\t\t\t<\/div>\n\t\t\t\t<div class=\"elementor-element elementor-element-211892f elementor-widget elementor-widget-text-editor\" data-id=\"211892f\" data-element_type=\"widget\" data-widget_type=\"text-editor.default\">\n\t\t\t\t<div class=\"elementor-widget-container\">\n\t\t\t\t\t\t\t\t\t<p class=\"\" data-start=\"133\" data-end=\"387\">Mae&#8217;r polisi cwcis safonol ar gyfer gwefan Prifysgol Cymru Y Drindod Dewi Sant yn caniat\u00e1u pob cwci. Mae&#8217;r wefan hon yn defnyddio cwcis i helpu darparu nodweddion penodol i&#8217;r defnyddiwr. Mae hyn yn sicrhau bod y defnyddiwr yn cael y profiad gorau posibl.<\/p>\n<p class=\"\" data-start=\"389\" data-end=\"655\">Os yw defnyddwyr am barhau gyda&#8217;r profiad gwefan gorau posibl, nid oes angen gwneud unrhyw newidiadau. Fodd bynnag, os ydynt am gyfyngu neu blocio defnydd o gwcis, gellir gwneud hyn trwy ddefnyddio&#8217;r gosodiadau yn y porwr gwe. Gweler hefyd &#8220;Ydy cwcis angenrheidiol?&#8221;<\/p>\n<p data-start=\"657\" data-end=\"675\"><strong data-start=\"657\" data-end=\"675\">Beth yw Cwcis?<\/strong><\/p>\n<p class=\"\" data-start=\"677\" data-end=\"1017\">Mae cwcis yn ffeiliau testun bach sy&#8217;n cael eu cadw ar ddisg caled y cyfrifiadur pan fyddwch yn ymweld \u00e2 gwefan wrth i chi lywio trwy ei phageoedd. Maent yn cael eu defnyddio&#8217;n eang ac yn gyffredin i wneud gwefannau&#8217;n gweithio&#8217;n iawn ac i&#8217;w gwneud yn fwy effeithlon, yn ogystal \u00e2 darparu gwahanol fathau o wybodaeth i berchnogion gwefannau.<\/p>\n<p class=\"\" data-start=\"1019\" data-end=\"1186\">Maent wedi&#8217;u dylunio i gadw swm cymedrol o ddata sy&#8217;n benodol i gleient a gwefan benodol ac mae modd eu hygyrchu naill ai gan y gweinydd gwe neu&#8217;r cyfrifiadur cleient.<\/p>\n<p class=\"\" data-start=\"1188\" data-end=\"1243\"><strong data-start=\"1188\" data-end=\"1243\">Rhai o&#8217;r ffordd y caiff cwcis eu defnyddio gynnwys:<\/strong><\/p>\n<ul data-start=\"1245\" data-end=\"1583\">\n<li class=\"\" data-start=\"1245\" data-end=\"1305\">\n<p class=\"\" data-start=\"1247\" data-end=\"1305\">Cadw tudalennau diweddar a oedd y defnyddiwr wedi eu gweld<\/p>\n<\/li>\n<li class=\"\" data-start=\"1306\" data-end=\"1437\">\n<p class=\"\" data-start=\"1308\" data-end=\"1437\">Adnabod unrhyw broblemau a allai fod wedi digwydd yn ystod ymweliad y defnyddiwr \u00e2&#8217;r wefan, fel y gellir datrys y problemau hynny<\/p>\n<\/li>\n<li class=\"\" data-start=\"1438\" data-end=\"1583\">\n<p class=\"\" data-start=\"1440\" data-end=\"1583\">Cofio manylion cyfrif login ar gyfer cyfrifon fel Moodle a Athens, sy&#8217;n gwneud hi&#8217;n haws i&#8217;r defnyddiwr ddod o hyd i&#8217;w cyfrifon ac ymdrin \u00e2 nhw<\/p>\n<\/li>\n<\/ul>\n<p class=\"\" data-start=\"1585\" data-end=\"1603\"><strong data-start=\"1585\" data-end=\"1603\">Mathau o Gwcis<\/strong><\/p>\n<p class=\"\" data-start=\"1605\" data-end=\"1646\">Gellir grwpio cwcis mewn pedwar categori:<\/p>\n<p class=\"\" data-start=\"1648\" data-end=\"1845\"><strong data-start=\"1648\" data-end=\"1666\">Cwcis hanfodol<\/strong>: Mae&#8217;r rhain yn hanfodol er mwyn galluogi defnyddwyr i symud o gwmpas y wefan ac i ddefnyddio ei nodweddion. Heb y cwcis hyn, ni allwn ddarparu gwasanaethau fel taliadau ar-lein.<\/p>\n<p class=\"\" data-start=\"1847\" data-end=\"2419\"><strong data-start=\"1847\" data-end=\"1868\">Cwcis perfformiad<\/strong>: Drwy ddefnyddio gwefan y Brifysgol, mae&#8217;r defnyddiwr yn cytuno y gall y brifysgol osod y mathau hyn o gwcis ar y ddyfais(au) sy&#8217;n cael eu defnyddio i ryngweithio \u00e2&#8217;r wefan. Mae&#8217;r rhain yn casglu gwybodaeth am sut mae ymwelyddion yn defnyddio gwefan, er enghraifft, pa dudalennau mae ymwelyddion yn eu edrych arnynt fwyaf, a os oes gwall wedi digwydd ar dudalen. Nid yw&#8217;r cwcis hyn yn casglu gwybodaeth sy&#8217;n adnabod ymwelydd. Mae&#8217;r holl wybodaeth a gesglir yn cael ei chadw&#8217;n ddienw ac yn cael ei defnyddio dim ond i wella sut mae gwefan yn gweithio.<\/p>\n<p class=\"\" data-start=\"2421\" data-end=\"2651\"><strong data-start=\"2421\" data-end=\"2442\">Cwcis swyddogaeth<\/strong>: Mae&#8217;r rhain yn cefnogi defnydd y safle ac yn galluogi nodweddion gwell a phersonol. Mae rhai o&#8217;r cwcis hyn yn angenrheidiol er mwyn galluogi&#8217;r defnyddiwr i symud o gwmpas y wefan heb wynebu unrhyw broblemau.<\/p>\n<p class=\"\" data-start=\"2653\" data-end=\"3178\"><strong data-start=\"2653\" data-end=\"2670\">Cwcis targedu<\/strong>: Mae cwcis targedu yn cael eu defnyddio i ddarparu hysbysebion sy&#8217;n berthnasol i&#8217;r defnyddiwr a&#8217;u diddordebau. Fe&#8217;u gosodir fel arfer gan rwydweithiau hysbysebu (gyda chaniat\u00e2d y gweinyddwr y wefan). Maent yn cofnodi&#8217;r defnyddwyr sydd wedi ymweld \u00e2 gwefan ac mae&#8217;r wybodaeth hon yn cael ei rhannu \u00e2 sefydliadau eraill fel hysbysebwyr. Yn aml, bydd cwcis targedu yn cael eu cysylltu \u00e2 nodweddion gwefan a ddarperir gan y sefydliad arall. Nid yw Prifysgol Cymru Y Drindod Dewi Sant yn defnyddio cwcis targedu.<\/p>\n<p class=\"\" data-start=\"3180\" data-end=\"3866\">Mae&#8217;r tri math cyntaf o gwcis yn y rhestr uchod yn cael eu defnyddio er mwyn i&#8217;r wefan gofio&#8217;r dewisiadau y mae&#8217;r defnyddiwr yn eu gwneud (fel enw defnyddiwr, iaith neu&#8217;r rhanbarth y mae&#8217;r defnyddiwr yn ei fod) ac i ddarparu nodweddion gwell a mwy personol. Er enghraifft, gall gwefan ddarparu adroddiadau tywydd lleol neu newyddion traffig drwy osod cwci sy&#8217;n nodi&#8217;r rhanbarth y mae&#8217;r defnyddiwr yn bresennol ynddo. Gellir defnyddio&#8217;r cwcis hyn hefyd i gofio newidiadau a wnaed i faint y testun, ffontiau ac adrannau eraill o dudalennau gwe sy&#8217;n gallu cael eu haddasu. Gellir anonym\u00efo&#8217;r wybodaeth y mae&#8217;r cwcis hyn yn ei chasglu; ni allant olrhain gweithgaredd pori ar wefannau eraill.<\/p>\n<p class=\"\" data-start=\"3868\" data-end=\"3896\"><strong data-start=\"3868\" data-end=\"3896\">Ydy cwcis angenrheidiol?<\/strong><\/p>\n<p class=\"\" data-start=\"3898\" data-end=\"3964\">Ydy ac Nac ydy \u2013 yn dibynnu ar ba wefannau rydych yn eu defnyddio!<\/p>\n<p class=\"\" data-start=\"3966\" data-end=\"4025\"><strong data-start=\"3966\" data-end=\"4025\">Defnydd o Gwcis gan Brifysgol Cymru Y Drindod Dewi Sant<\/strong><\/p>\n<p class=\"\" data-start=\"4027\" data-end=\"4103\">Mae&#8217;r polisi cwcis safonol ar gyfer gwefan y Brifysgol yn caniat\u00e1u pob cwci.<\/p>\n<p class=\"\" data-start=\"4105\" data-end=\"4281\">Mae preifatrwydd a diogelwch eich gwybodaeth bersonol yn bwysig iawn i&#8217;r Brifysgol, felly nid ydym yn defnyddio cwcis i gadw neu rannu unrhyw wybodaeth bersonol am ddefnyddwyr.<\/p>\n<p class=\"\" data-start=\"4283\" data-end=\"4300\"><strong data-start=\"4283\" data-end=\"4300\">Diddymu Cwcis<\/strong><\/p>\n<p class=\"\" data-start=\"4302\" data-end=\"4387\">Mae Prifysgol Cymru Y Drindod Dewi Sant yn defnyddio cwcis i wella&#8217;r profiad ar-lein.<\/p>\n<p class=\"\" data-start=\"4389\" data-end=\"4537\">Bydd diddymu cwcis wrth ddefnyddio gwefan UWTSD yn golygu na fyddwch yn gallu mwynhau ac elwa llawn ar nodweddion a gwasanaethau gwefan y Brifysgol.<\/p>\n<p class=\"\" data-start=\"4539\" data-end=\"4840\">Mae&#8217;n bwysig nodi y bydd rhai gwasanaethau y mae&#8217;r Brifysgol yn eu darparu yn gofyn am gwcis i weithio. Os caiff y gosodiadau eu cynllunio i atal cwcis, mae&#8217;n debyg y na fyddwch yn gallu mewngofnodi i wasanaethau fel Moodle, MyTSD a gwasanaethau eraill sy&#8217;n defnyddio cwcis fel rhan o&#8217;r broses dilysu.<\/p>\n<p class=\"\" data-start=\"4842\" data-end=\"4906\">Mae mwy o wybodaeth am reoli cwcis ar gael yn All About Cookies.<\/p>\n<p class=\"\" data-start=\"4908\" data-end=\"5284\">Os hoffech gyfyngu neu flocio cwcis sy&#8217;n cael eu gosod gan wefan, gellir gwneud hyn trwy newid gosodiadau&#8217;r porwr. Gall y rhan fwyaf o borwyr gael eu cynllunio i wrthod cwcis, neu i roi rhybudd cyn iddynt gael eu derbyn gan gyfrifiadur. Dylai&#8217;r swyddogaeth cymorth yn y porwr nodi sut i&#8217;w sefydlu i wrthod cwcis neu i roi rhybudd i&#8217;r defnyddiwr pan gaiff y rhain eu defnyddio.<\/p>\n<p class=\"\" data-start=\"5286\" data-end=\"5435\">Fodd bynnag, gyda hynny&#8217;n cael ei ddweud, mae cwcis yn gallu cael eu manteisio: mewn llawer o achosion, maent yn gwella&#8217;r profiad defnyddiwr ar-lein.<\/p>\n<p class=\"\" data-start=\"5437\" data-end=\"5466\"><strong data-start=\"5437\" data-end=\"5466\">Defnydd o Gwcis gan UWTSD<\/strong><\/p>\n<p class=\"\" data-start=\"5468\" data-end=\"5583\">Bydd Prifysgol Cymru Y Drindod Dewi Sant fel arfer yn gwneud defnydd o&#8217;r cwcis sy&#8217;n disgyn i&#8217;r categor\u00efau canlynol:<\/p>\n<ul data-start=\"5585\" data-end=\"5858\">\n<li class=\"\" data-start=\"5585\" data-end=\"5633\">\n<p class=\"\" data-start=\"5587\" data-end=\"5633\">Cwcis hanfodol (gan gynnwys rhai cwcis sesiwn)<\/p>\n<\/li>\n<li class=\"\" data-start=\"5634\" data-end=\"5653\">\n<p class=\"\" data-start=\"5636\" data-end=\"5653\">Cwcis perfformiad<\/p>\n<\/li>\n<li class=\"\" data-start=\"5654\" data-end=\"5682\">\n<p class=\"\" data-start=\"5656\" data-end=\"5682\">Cwcis swyddogaeth (Sesiwn)<\/p>\n<\/li>\n<li class=\"\" data-start=\"5683\" data-end=\"5858\">\n<p class=\"\" data-start=\"5685\" data-end=\"5858\">Defnydd o gwcis targedu fydd dim ond mewn amgylchiadau eithriadol. Wrth ddefnyddio cwcis targedu, bydd y Brifysgol bob amser yn ceisio cael caniat\u00e2d cyn eu gosod ar ddyfais.<\/p>\n<\/li>\n<\/ul>\n<p class=\"\" data-start=\"5860\" data-end=\"5880\"><strong data-start=\"5860\" data-end=\"5880\">Google Analytics<\/strong><\/p>\n<p class=\"\" data-start=\"5882\" data-end=\"6265\">Mae Google Analytics yn defnyddio cwcis i gasglu gwybodaeth am sut mae ymwelyddion yn defnyddio ein safle. Mae&#8217;r brifysgol yn defnyddio&#8217;r wybodaeth hon i gasglu adroddiadau ac i helpu i wella&#8217;r safle. Mae enghreifftiau o&#8217;r wybodaeth a gesglir yn cynnwys nifer y ymwelyddion i&#8217;r safle, y ddolen a ddefnyddiodd ymwelyddion i gyrraedd ein gwefan, a&#8217;r tudalennau y buont yn ymweld \u00e2 nhw.<\/p>\n<p class=\"\" data-start=\"6267\" data-end=\"6455\">Caiff yr wybodaeth ei chasglu ac ei chadw&#8217;n ddienw. Ewch i bolisi preifatrwydd Google am wybodaeth ychwanegol. Mae gan Google ychwanegiad porwr sy&#8217;n atal Google Analytics rhag casglu data.<\/p>\n\t\t\t\t\t\t\t\t<\/div>\n\t\t\t\t<\/div>\n\t\t\t\t<\/div>\n\t\t\t\t<\/div>\n\t\t","protected":false},"excerpt":{"rendered":"<p>Polisi Cwcis Mae&#8217;r polisi cwcis safonol ar gyfer gwefan Prifysgol Cymru Y Drindod Dewi Sant yn caniat\u00e1u pob cwci. Mae&#8217;r [&hellip;]<\/p>\n","protected":false},"author":4,"featured_media":0,"parent":0,"menu_order":0,"comment_status":"closed","ping_status":"closed","template":"","meta":{"_uag_custom_page_level_css":"","site-sidebar-layout":"no-sidebar","site-content-layout":"","ast-site-content-layout":"full-width-container","site-content-style":"default","site-sidebar-style":"default","ast-global-header-display":"","ast-banner-title-visibility":"","ast-main-header-display":"","ast-hfb-above-header-display":"","ast-hfb-below-header-display":"","ast-hfb-mobile-header-display":"","site-post-title":"disabled","ast-breadcrumbs-content":"","ast-featured-img":"disabled","footer-sml-layout":"","theme-transparent-header-meta":"","adv-header-id-meta":"","stick-header-meta":"","header-above-stick-meta":"","header-main-stick-meta":"","header-below-stick-meta":"","astra-migrate-meta-layouts":"default","ast-page-background-enabled":"default","ast-page-background-meta":{"desktop":{"background-color":"var(--ast-global-color-4)","background-image":"","background-repeat":"repeat","background-position":"center center","background-size":"auto","background-attachment":"scroll","background-type":"","background-media":"","overlay-type":"","overlay-color":"","overlay-opacity":"","overlay-gradient":""},"tablet":{"background-color":"","background-image":"","background-repeat":"repeat","background-position":"center center","background-size":"auto","background-attachment":"scroll","background-type":"","background-media":"","overlay-type":"","overlay-color":"","overlay-opacity":"","overlay-gradient":""},"mobile":{"background-color":"","background-image":"","background-repeat":"repeat","background-position":"center center","background-size":"auto","background-attachment":"scroll","background-type":"","background-media":"","overlay-type":"","overlay-color":"","overlay-opacity":"","overlay-gradient":""}},"ast-content-background-meta":{"desktop":{"background-color":"var(--ast-global-color-5)","background-image":"","background-repeat":"repeat","background-position":"center center","background-size":"auto","background-attachment":"scroll","background-type":"","background-media":"","overlay-type":"","overlay-color":"","overlay-opacity":"","overlay-gradient":""},"tablet":{"background-color":"var(--ast-global-color-5)","background-image":"","background-repeat":"repeat","background-position":"center center","background-size":"auto","background-attachment":"scroll","background-type":"","background-media":"","overlay-type":"","overlay-color":"","overlay-opacity":"","overlay-gradient":""},"mobile":{"background-color":"var(--ast-global-color-5)","background-image":"","background-repeat":"repeat","background-position":"center center","background-size":"auto","background-attachment":"scroll","background-type":"","background-media":"","overlay-type":"","overlay-color":"","overlay-opacity":"","overlay-gradient":""}},"footnotes":""},"class_list":["post-1461","page","type-page","status-publish","hentry"],"yoast_head":"<!-- This site is optimized with the Yoast SEO plugin v26.5 - https:\/\/yoast.com\/wordpress\/plugins\/seo\/ -->\n<title>Polisi Cwcis - Uned Argraffu PCYDDS<\/title>\n<meta name=\"robots\" content=\"index, follow, max-snippet:-1, max-image-preview:large, max-video-preview:-1\" \/>\n<link rel=\"canonical\" href=\"https:\/\/printunit.uwtsd.ac.uk\/cy\/polisi-cwcis\/\" \/>\n<meta property=\"og:locale\" content=\"cy_GB\" \/>\n<meta property=\"og:type\" content=\"article\" \/>\n<meta property=\"og:title\" content=\"Polisi Cwcis - Uned Argraffu PCYDDS\" \/>\n<meta property=\"og:description\" content=\"Polisi Cwcis Mae&#8217;r polisi cwcis safonol ar gyfer gwefan Prifysgol Cymru Y Drindod Dewi Sant yn caniat\u00e1u pob cwci. Mae&#8217;r [&hellip;]\" \/>\n<meta property=\"og:url\" content=\"https:\/\/printunit.uwtsd.ac.uk\/cy\/polisi-cwcis\/\" \/>\n<meta property=\"og:site_name\" content=\"Uned Argraffu PCYDDS\" \/>\n<meta property=\"article:modified_time\" content=\"2025-03-26T10:51:38+00:00\" \/>\n<meta name=\"twitter:card\" content=\"summary_large_image\" \/>\n<meta name=\"twitter:label1\" content=\"Est. reading time\" \/>\n\t<meta name=\"twitter:data1\" content=\"5 minutes\" \/>\n<script type=\"application\/ld+json\" class=\"yoast-schema-graph\">{\"@context\":\"https:\/\/schema.org\",\"@graph\":[{\"@type\":\"WebPage\",\"@id\":\"https:\/\/printunit.uwtsd.ac.uk\/cy\/polisi-cwcis\/\",\"url\":\"https:\/\/printunit.uwtsd.ac.uk\/cy\/polisi-cwcis\/\",\"name\":\"Polisi Cwcis - Uned Argraffu PCYDDS\",\"isPartOf\":{\"@id\":\"https:\/\/printunit.uwtsd.ac.uk\/cy\/#website\"},\"datePublished\":\"2025-02-12T14:00:11+00:00\",\"dateModified\":\"2025-03-26T10:51:38+00:00\",\"breadcrumb\":{\"@id\":\"https:\/\/printunit.uwtsd.ac.uk\/cy\/polisi-cwcis\/#breadcrumb\"},\"inLanguage\":\"cy-GB\",\"potentialAction\":[{\"@type\":\"ReadAction\",\"target\":[\"https:\/\/printunit.uwtsd.ac.uk\/cy\/polisi-cwcis\/\"]}]},{\"@type\":\"BreadcrumbList\",\"@id\":\"https:\/\/printunit.uwtsd.ac.uk\/cy\/polisi-cwcis\/#breadcrumb\",\"itemListElement\":[{\"@type\":\"ListItem\",\"position\":1,\"name\":\"Home\",\"item\":\"https:\/\/printunit.uwtsd.ac.uk\/cy\/\"},{\"@type\":\"ListItem\",\"position\":2,\"name\":\"Polisi Cwcis\"}]},{\"@type\":\"WebSite\",\"@id\":\"https:\/\/printunit.uwtsd.ac.uk\/cy\/#website\",\"url\":\"https:\/\/printunit.uwtsd.ac.uk\/cy\/\",\"name\":\"Uned Argraffu PCYDDS\",\"description\":\"\",\"publisher\":{\"@id\":\"https:\/\/printunit.uwtsd.ac.uk\/cy\/#organization\"},\"potentialAction\":[{\"@type\":\"SearchAction\",\"target\":{\"@type\":\"EntryPoint\",\"urlTemplate\":\"https:\/\/printunit.uwtsd.ac.uk\/cy\/?s={search_term_string}\"},\"query-input\":{\"@type\":\"PropertyValueSpecification\",\"valueRequired\":true,\"valueName\":\"search_term_string\"}}],\"inLanguage\":\"cy-GB\"},{\"@type\":\"Organization\",\"@id\":\"https:\/\/printunit.uwtsd.ac.uk\/cy\/#organization\",\"name\":\"Uned Argraffu PCYDDS\",\"url\":\"https:\/\/printunit.uwtsd.ac.uk\/cy\/\",\"logo\":{\"@type\":\"ImageObject\",\"inLanguage\":\"cy-GB\",\"@id\":\"https:\/\/printunit.uwtsd.ac.uk\/cy\/#\/schema\/logo\/image\/\",\"url\":\"https:\/\/printunit.uwtsd.ac.uk\/wp-content\/uploads\/2025\/03\/Frame-1.png\",\"contentUrl\":\"https:\/\/printunit.uwtsd.ac.uk\/wp-content\/uploads\/2025\/03\/Frame-1.png\",\"width\":6676,\"height\":1250,\"caption\":\"Uned Argraffu PCYDDS\"},\"image\":{\"@id\":\"https:\/\/printunit.uwtsd.ac.uk\/cy\/#\/schema\/logo\/image\/\"}}]}<\/script>\n<!-- \/ Yoast SEO plugin. -->","yoast_head_json":{"title":"Polisi Cwcis - Uned Argraffu PCYDDS","robots":{"index":"index","follow":"follow","max-snippet":"max-snippet:-1","max-image-preview":"max-image-preview:large","max-video-preview":"max-video-preview:-1"},"canonical":"https:\/\/printunit.uwtsd.ac.uk\/cy\/polisi-cwcis\/","og_locale":"cy_GB","og_type":"article","og_title":"Polisi Cwcis - Uned Argraffu PCYDDS","og_description":"Polisi Cwcis Mae&#8217;r polisi cwcis safonol ar gyfer gwefan Prifysgol Cymru Y Drindod Dewi Sant yn caniat\u00e1u pob cwci. Mae&#8217;r [&hellip;]","og_url":"https:\/\/printunit.uwtsd.ac.uk\/cy\/polisi-cwcis\/","og_site_name":"Uned Argraffu PCYDDS","article_modified_time":"2025-03-26T10:51:38+00:00","twitter_card":"summary_large_image","twitter_misc":{"Est. reading time":"5 minutes"},"schema":{"@context":"https:\/\/schema.org","@graph":[{"@type":"WebPage","@id":"https:\/\/printunit.uwtsd.ac.uk\/cy\/polisi-cwcis\/","url":"https:\/\/printunit.uwtsd.ac.uk\/cy\/polisi-cwcis\/","name":"Polisi Cwcis - Uned Argraffu PCYDDS","isPartOf":{"@id":"https:\/\/printunit.uwtsd.ac.uk\/cy\/#website"},"datePublished":"2025-02-12T14:00:11+00:00","dateModified":"2025-03-26T10:51:38+00:00","breadcrumb":{"@id":"https:\/\/printunit.uwtsd.ac.uk\/cy\/polisi-cwcis\/#breadcrumb"},"inLanguage":"cy-GB","potentialAction":[{"@type":"ReadAction","target":["https:\/\/printunit.uwtsd.ac.uk\/cy\/polisi-cwcis\/"]}]},{"@type":"BreadcrumbList","@id":"https:\/\/printunit.uwtsd.ac.uk\/cy\/polisi-cwcis\/#breadcrumb","itemListElement":[{"@type":"ListItem","position":1,"name":"Home","item":"https:\/\/printunit.uwtsd.ac.uk\/cy\/"},{"@type":"ListItem","position":2,"name":"Polisi Cwcis"}]},{"@type":"WebSite","@id":"https:\/\/printunit.uwtsd.ac.uk\/cy\/#website","url":"https:\/\/printunit.uwtsd.ac.uk\/cy\/","name":"Uned Argraffu PCYDDS","description":"","publisher":{"@id":"https:\/\/printunit.uwtsd.ac.uk\/cy\/#organization"},"potentialAction":[{"@type":"SearchAction","target":{"@type":"EntryPoint","urlTemplate":"https:\/\/printunit.uwtsd.ac.uk\/cy\/?s={search_term_string}"},"query-input":{"@type":"PropertyValueSpecification","valueRequired":true,"valueName":"search_term_string"}}],"inLanguage":"cy-GB"},{"@type":"Organization","@id":"https:\/\/printunit.uwtsd.ac.uk\/cy\/#organization","name":"Uned Argraffu PCYDDS","url":"https:\/\/printunit.uwtsd.ac.uk\/cy\/","logo":{"@type":"ImageObject","inLanguage":"cy-GB","@id":"https:\/\/printunit.uwtsd.ac.uk\/cy\/#\/schema\/logo\/image\/","url":"https:\/\/printunit.uwtsd.ac.uk\/wp-content\/uploads\/2025\/03\/Frame-1.png","contentUrl":"https:\/\/printunit.uwtsd.ac.uk\/wp-content\/uploads\/2025\/03\/Frame-1.png","width":6676,"height":1250,"caption":"Uned Argraffu PCYDDS"},"image":{"@id":"https:\/\/printunit.uwtsd.ac.uk\/cy\/#\/schema\/logo\/image\/"}}]}},"uagb_featured_image_src":{"full":false,"thumbnail":false,"medium":false,"medium_large":false,"large":false,"1536x1536":false,"2048x2048":false,"woocommerce_thumbnail":false,"woocommerce_single":false,"woocommerce_gallery_thumbnail":false},"uagb_author_info":{"display_name":"Web Master","author_link":"https:\/\/printunit.uwtsd.ac.uk\/cy\/author\/web\/"},"uagb_comment_info":0,"uagb_excerpt":"Polisi Cwcis Mae&#8217;r polisi cwcis safonol ar gyfer gwefan Prifysgol Cymru Y Drindod Dewi Sant yn caniat\u00e1u pob cwci. Mae&#8217;r [&hellip;]","_links":{"self":[{"href":"https:\/\/printunit.uwtsd.ac.uk\/cy\/wp-json\/wp\/v2\/pages\/1461","targetHints":{"allow":["GET"]}}],"collection":[{"href":"https:\/\/printunit.uwtsd.ac.uk\/cy\/wp-json\/wp\/v2\/pages"}],"about":[{"href":"https:\/\/printunit.uwtsd.ac.uk\/cy\/wp-json\/wp\/v2\/types\/page"}],"author":[{"embeddable":true,"href":"https:\/\/printunit.uwtsd.ac.uk\/cy\/wp-json\/wp\/v2\/users\/4"}],"replies":[{"embeddable":true,"href":"https:\/\/printunit.uwtsd.ac.uk\/cy\/wp-json\/wp\/v2\/comments?post=1461"}],"version-history":[{"count":0,"href":"https:\/\/printunit.uwtsd.ac.uk\/cy\/wp-json\/wp\/v2\/pages\/1461\/revisions"}],"wp:attachment":[{"href":"https:\/\/printunit.uwtsd.ac.uk\/cy\/wp-json\/wp\/v2\/media?parent=1461"}],"curies":[{"name":"wp","href":"https:\/\/api.w.org\/{rel}","templated":true}]}}